{"id":71,"date":"2019-03-08T19:19:09","date_gmt":"2019-03-08T18:19:09","guid":{"rendered":"https:\/\/www.mk-mediendesign.com\/?page_id=71"},"modified":"2023-05-09T15:03:41","modified_gmt":"2023-05-09T13:03:41","slug":"ueber-uns","status":"publish","type":"page","link":"https:\/\/www.mk-mediendesign.com\/index.php\/ueber-uns\/","title":{"rendered":"\u00dcber uns"},"content":{"rendered":"\t\t<div data-elementor-type=\"wp-post\" data-elementor-id=\"71\" class=\"elementor elementor-71\" data-elementor-post-type=\"page\">\n\t\t\t\t\t\t<section class=\"elementor-section elementor-top-section elementor-element elementor-element-88e43f8 elementor-section-stretched elementor-section-full_width elementor-reverse-tablet elementor-reverse-mobile elementor-section-height-default elementor-section-height-default\" data-id=\"88e43f8\" data-element_type=\"section\" data-e-type=\"section\" data-settings=\"{&quot;stretch_section&quot;:&quot;section-stretched&quot;,&quot;background_background&quot;:&quot;classic&quot;}\">\n\t\t\t\t\t\t<div class=\"elementor-container elementor-column-gap-no\">\n\t\t\t\t\t<div class=\"elementor-column elementor-col-50 elementor-top-column elementor-element elementor-element-6aba5c9\" data-id=\"6aba5c9\" data-element_type=\"column\" data-e-type=\"column\">\n\t\t\t<div class=\"elementor-widget-wrap elementor-element-populated\">\n\t\t\t\t\t\t<div class=\"elementor-element elementor-element-e91b1ad elementor-widget elementor-widget-image\" data-id=\"e91b1ad\" data-element_type=\"widget\" data-e-type=\"widget\" data-widget_type=\"image.default\">\n\t\t\t\t<div class=\"elementor-widget-container\">\n\t\t\t\t\t\t\t\t\t\t\t\t\t\t\t<img decoding=\"async\" src=\"https:\/\/www.mk-mediendesign.com\/wp-content\/uploads\/elementor\/thumbs\/buero-o6hv3lx8qevjsn70dy7pd2l1q5hq0i18ms7sseify8.jpg\" title=\"buero\" alt=\"buero\" loading=\"lazy\" \/>\t\t\t\t\t\t\t\t\t\t\t\t\t\t\t<\/div>\n\t\t\t\t<\/div>\n\t\t\t\t\t<\/div>\n\t\t<\/div>\n\t\t\t\t<div class=\"elementor-column elementor-col-50 elementor-top-column elementor-element elementor-element-0e2f8e5\" data-id=\"0e2f8e5\" data-element_type=\"column\" data-e-type=\"column\">\n\t\t\t<div class=\"elementor-widget-wrap elementor-element-populated\">\n\t\t\t\t\t\t<section class=\"elementor-section elementor-inner-section elementor-element elementor-element-9bdacc1 elementor-section-boxed elementor-section-height-default elementor-section-height-default\" data-id=\"9bdacc1\" data-element_type=\"section\" data-e-type=\"section\">\n\t\t\t\t\t\t<div class=\"elementor-container elementor-column-gap-no\">\n\t\t\t\t\t<div class=\"elementor-column elementor-col-100 elementor-inner-column elementor-element elementor-element-b9bd92e\" data-id=\"b9bd92e\" data-element_type=\"column\" data-e-type=\"column\">\n\t\t\t<div class=\"elementor-widget-wrap elementor-element-populated\">\n\t\t\t\t\t\t<div class=\"elementor-element elementor-element-ed639a6 elementor-widget elementor-widget-heading\" data-id=\"ed639a6\" data-element_type=\"widget\" data-e-type=\"widget\" data-widget_type=\"heading.default\">\n\t\t\t\t<div class=\"elementor-widget-container\">\n\t\t\t\t\t<h2 class=\"elementor-heading-title elementor-size-default\">MK-Mediendesign <br>\n<\/h2>\t\t\t\t<\/div>\n\t\t\t\t<\/div>\n\t\t\t\t<div class=\"elementor-element elementor-element-bd54fcd elementor-widget elementor-widget-text-editor\" data-id=\"bd54fcd\" data-element_type=\"widget\" data-e-type=\"widget\" data-widget_type=\"text-editor.default\">\n\t\t\t\t<div class=\"elementor-widget-container\">\n\t\t\t\t\t\t\t\t\t<p class=\"MsoNormal\" style=\"margin: 0cm 0cm 0.0001pt; font-size: medium; font-family: Calibri, sans-serif; caret-color: #000000; color: #000000; font-style: normal; font-variant-caps: normal; letter-spacing: normal;\"><span style=\"font-family: 'Open Sans', sans-serif; letter-spacing: 0.1pt;\">\u00a0<\/span><\/p><p class=\"MsoNormal\" style=\"margin: 0cm 0cm 0.0001pt; font-size: medium; font-family: Calibri, sans-serif; caret-color: #000000; color: #000000; font-style: normal; font-variant-caps: normal; letter-spacing: normal;\"><span style=\"font-family: 'Open Sans', sans-serif; letter-spacing: 0.1pt;\">MK-Mediendesign ist eine \u201eFull Service Agentur\u201c, die seit 16 Jahren in der Werbung t\u00e4tig ist. Wir bieten Ihnen die komplette Abwicklung f\u00fcr Ihre Werbung an. Von der Texterstellung, Produktaufnahmen, Portraitaufnahmen, Logoentwicklung, Layouterstellung und Aufbereitung der Druckunterlagen. Wenn Sie das w\u00fcnschen, k\u00fcmmern wir uns auch um die Druckabwicklung f\u00fcr Ihre Prospekte, Flyer oder Visitenkarten.\u00a0<\/span><\/p><p class=\"MsoNormal\" style=\"margin: 0cm 0cm 0.0001pt; font-size: medium; font-family: Calibri, sans-serif; caret-color: #000000; color: #000000; font-style: normal; font-variant-caps: normal; letter-spacing: normal;\"><span style=\"font-family: 'Open Sans', sans-serif; letter-spacing: 0.1pt;\">\u00a0<\/span><\/p><p class=\"MsoNormal\" style=\"margin: 0cm 0cm 0.0001pt; font-size: medium; font-family: Calibri, sans-serif; caret-color: #000000; color: #000000; font-style: normal; font-variant-caps: normal; letter-spacing: normal;\"><span style=\"font-family: 'Open Sans', sans-serif; letter-spacing: 0.1pt;\">In der Onlinewerbung erstellen wir Ihnen gerne Newsletter, bereiten hierzu Ihre Daten auf oder pflegen Ihre Webseite (\u201eTypo 3\u201c oder \u201eShopware\u201c).<\/span><\/p><p class=\"MsoNormal\" style=\"margin: 0cm 0cm 0.0001pt; font-size: medium; font-family: Calibri, sans-serif; caret-color: #000000; color: #000000; font-style: normal; font-variant-caps: normal; letter-spacing: normal;\"><span style=\"font-family: 'Open Sans', sans-serif; letter-spacing: 0.1pt;\">\u00a0<\/span><\/p><p class=\"MsoNormal\" style=\"margin: 0cm 0cm 0.0001pt; font-size: medium; font-family: Calibri, sans-serif; caret-color: #000000; color: #000000; font-style: normal; font-variant-caps: normal; letter-spacing: normal;\"><span style=\"font-family: 'Open Sans', sans-serif; letter-spacing: 0.1pt;\">Haben Sie noch keine Idee, wie Sie Ihr Produkt bewerben? Wir helfen Ihnen gerne weiter und erstellen eine Marketingstrategie f\u00fcr Ihr Produkt. Sprechen Sie uns an!<\/span><\/p>\t\t\t\t\t\t\t\t<\/div>\n\t\t\t\t<\/div>\n\t\t\t\t\t<\/div>\n\t\t<\/div>\n\t\t\t\t\t<\/div>\n\t\t<\/section>\n\t\t\t\t\t<\/div>\n\t\t<\/div>\n\t\t\t\t\t<\/div>\n\t\t<\/section>\n\t\t\t\t<\/div>\n\t\t","protected":false},"excerpt":{"rendered":"<p>MK-Mediendesign \u00a0 MK-Mediendesign ist eine \u201eFull Service Agentur\u201c, die seit 16 Jahren in der Werbung t\u00e4tig ist. Wir bieten Ihnen die komplette Abwicklung f\u00fcr Ihre Werbung an. Von der Texterstellung, Produktaufnahmen, Portraitaufnahmen, Logoentwicklung, Layouterstellung und Aufbereitung der Druckunterlagen. Wenn Sie das w\u00fcnschen, k\u00fcmmern wir uns auch um die Druckabwicklung f\u00fcr Ihre Prospekte, Flyer oder Visitenkarten.\u00a0 [&hellip;]<\/p>\n","protected":false},"author":1,"featured_media":0,"parent":0,"menu_order":0,"comment_status":"closed","ping_status":"closed","template":"elementor_header_footer","meta":{"ocean_post_layout":"","ocean_both_sidebars_style":"","ocean_both_sidebars_content_width":0,"ocean_both_sidebars_sidebars_width":0,"ocean_sidebar":"0","ocean_second_sidebar":"0","ocean_disable_margins":"enable","ocean_add_body_class":"","ocean_shortcode_before_top_bar":"","ocean_shortcode_after_top_bar":"","ocean_shortcode_before_header":"","ocean_shortcode_after_header":"","ocean_has_shortcode":"","ocean_shortcode_after_title":"","ocean_shortcode_before_footer_widgets":"","ocean_shortcode_after_footer_widgets":"","ocean_shortcode_before_footer_bottom":"","ocean_shortcode_after_footer_bottom":"","ocean_display_top_bar":"default","ocean_display_header":"default","ocean_header_style":"","ocean_center_header_left_menu":"0","ocean_custom_header_template":"0","ocean_custom_logo":0,"ocean_custom_retina_logo":0,"ocean_custom_logo_max_width":0,"ocean_custom_logo_tablet_max_width":0,"ocean_custom_logo_mobile_max_width":0,"ocean_custom_logo_max_height":0,"ocean_custom_logo_tablet_max_height":0,"ocean_custom_logo_mobile_max_height":0,"ocean_header_custom_menu":"0","ocean_menu_typo_font_family":"0","ocean_menu_typo_font_subset":"","ocean_menu_typo_font_size":0,"ocean_menu_typo_font_size_tablet":0,"ocean_menu_typo_font_size_mobile":0,"ocean_menu_typo_font_size_unit":"px","ocean_menu_typo_font_weight":"","ocean_menu_typo_font_weight_tablet":"","ocean_menu_typo_font_weight_mobile":"","ocean_menu_typo_transform":"","ocean_menu_typo_transform_tablet":"","ocean_menu_typo_transform_mobile":"","ocean_menu_typo_line_height":0,"ocean_menu_typo_line_height_tablet":0,"ocean_menu_typo_line_height_mobile":0,"ocean_menu_typo_line_height_unit":"","ocean_menu_typo_spacing":0,"ocean_menu_typo_spacing_tablet":0,"ocean_menu_typo_spacing_mobile":0,"ocean_menu_typo_spacing_unit":"","ocean_menu_link_color":"","ocean_menu_link_color_hover":"","ocean_menu_link_color_active":"","ocean_menu_link_background":"","ocean_menu_link_hover_background":"","ocean_menu_link_active_background":"","ocean_menu_social_links_bg":"","ocean_menu_social_hover_links_bg":"","ocean_menu_social_links_color":"","ocean_menu_social_hover_links_color":"","ocean_disable_title":"default","ocean_disable_heading":"default","ocean_post_title":"","ocean_post_subheading":"","ocean_post_title_style":"","ocean_post_title_background_color":"","ocean_post_title_background":0,"ocean_post_title_bg_image_position":"","ocean_post_title_bg_image_attachment":"","ocean_post_title_bg_image_repeat":"","ocean_post_title_bg_image_size":"","ocean_post_title_height":0,"ocean_post_title_bg_overlay":0.5,"ocean_post_title_bg_overlay_color":"","ocean_disable_breadcrumbs":"default","ocean_breadcrumbs_color":"","ocean_breadcrumbs_separator_color":"","ocean_breadcrumbs_links_color":"","ocean_breadcrumbs_links_hover_color":"","ocean_display_footer_widgets":"default","ocean_display_footer_bottom":"default","ocean_custom_footer_template":"0","footnotes":""},"class_list":["post-71","page","type-page","status-publish","hentry","entry"],"_links":{"self":[{"href":"https:\/\/www.mk-mediendesign.com\/index.php\/wp-json\/wp\/v2\/pages\/71","targetHints":{"allow":["GET"]}}],"collection":[{"href":"https:\/\/www.mk-mediendesign.com\/index.php\/wp-json\/wp\/v2\/pages"}],"about":[{"href":"https:\/\/www.mk-mediendesign.com\/index.php\/wp-json\/wp\/v2\/types\/page"}],"author":[{"embeddable":true,"href":"https:\/\/www.mk-mediendesign.com\/index.php\/wp-json\/wp\/v2\/users\/1"}],"replies":[{"embeddable":true,"href":"https:\/\/www.mk-mediendesign.com\/index.php\/wp-json\/wp\/v2\/comments?post=71"}],"version-history":[{"count":20,"href":"https:\/\/www.mk-mediendesign.com\/index.php\/wp-json\/wp\/v2\/pages\/71\/revisions"}],"predecessor-version":[{"id":1136,"href":"https:\/\/www.mk-mediendesign.com\/index.php\/wp-json\/wp\/v2\/pages\/71\/revisions\/1136"}],"wp:attachment":[{"href":"https:\/\/www.mk-mediendesign.com\/index.php\/wp-json\/wp\/v2\/media?parent=71"}],"curies":[{"name":"wp","href":"https:\/\/api.w.org\/{rel}","templated":true}]}}